{"id":8312,"date":"2025-01-14T13:49:47","date_gmt":"2025-01-14T12:49:47","guid":{"rendered":"https:\/\/defistock.kamendo.com\/?post_type=product&#038;p=8312"},"modified":"2025-01-14T13:49:47","modified_gmt":"2025-01-14T12:49:47","slug":"pyjama-bebe-fille","status":"publish","type":"product","link":"https:\/\/defistock.com\/en\/produit\/pyjama-bebe-fille\/","title":{"rendered":"PYJAMA B\u00c9B\u00c9 FILLE"},"content":{"rendered":"","protected":false},"excerpt":{"rendered":"<p>Pyjama fille 2 pi\u00e8ces en coton bio comprenant un t-shirt \u00e0 manches longues \u00e0 motif fleuri \u00e9quip\u00e9e de bouton-pression \u00e0 l&#8217;\u00e9paule gauche et d&#8217;un pantalon uni<\/p>\n","protected":false},"featured_media":8313,"comment_status":"open","ping_status":"closed","template":"","meta":{"_acf_changed":false},"etheme_brands":[],"product_brand":[],"product_cat":[124],"product_tag":[],"class_list":{"0":"post-8312","1":"product","2":"type-product","3":"status-publish","4":"has-post-thumbnail","6":"product_cat-vetements-bebe","8":"first","9":"instock","10":"taxable","11":"shipping-taxable","12":"purchasable","13":"product-type-simple"},"acf":[],"yoast_head":"<!-- This site is optimized with the Yoast SEO plugin v25.8 - https:\/\/yoast.com\/wordpress\/plugins\/seo\/ -->\n<title>PYJAMA B\u00c9B\u00c9 FILLE - Defistock<\/title>\n<meta name=\"robots\" content=\"index, follow, max-snippet:-1, max-image-preview:large, max-video-preview:-1\" \/>\n<link rel=\"canonical\" href=\"https:\/\/defistock.com\/produit\/pyjama-bebe-fille\/\" \/>\n<meta property=\"og:locale\" content=\"en_US\" \/>\n<meta property=\"og:type\" content=\"article\" \/>\n<meta property=\"og:title\" content=\"PYJAMA B\u00c9B\u00c9 FILLE - Defistock\" \/>\n<meta property=\"og:description\" content=\"Pyjama fille 2 pi\u00e8ces en coton bio comprenant un t-shirt \u00e0 manches longues \u00e0 motif fleuri \u00e9quip\u00e9e de bouton-pression \u00e0 l&#039;\u00e9paule gauche et d&#039;un pantalon uni\" \/>\n<meta property=\"og:url\" content=\"https:\/\/defistock.com\/produit\/pyjama-bebe-fille\/\" \/>\n<meta property=\"og:site_name\" content=\"Defistock\" \/>\n<meta property=\"article:publisher\" content=\"https:\/\/www.facebook.com\/profile.php?id=100094090124828\" \/>\n<meta property=\"og:image\" content=\"https:\/\/defistock.com\/wp-content\/uploads\/2025\/01\/123-Dustypink-1-4.jpg\" \/>\n\t<meta property=\"og:image:width\" content=\"1750\" \/>\n\t<meta property=\"og:image:height\" content=\"1750\" \/>\n\t<meta property=\"og:image:type\" content=\"image\/jpeg\" \/>\n<meta name=\"twitter:card\" content=\"summary_large_image\" \/>\n<script type=\"application\/ld+json\" class=\"yoast-schema-graph\">{\"@context\":\"https:\/\/schema.org\",\"@graph\":[{\"@type\":\"WebPage\",\"@id\":\"https:\/\/defistock.com\/produit\/pyjama-bebe-fille\/\",\"url\":\"https:\/\/defistock.com\/produit\/pyjama-bebe-fille\/\",\"name\":\"PYJAMA B\u00c9B\u00c9 FILLE - Defistock\",\"isPartOf\":{\"@id\":\"https:\/\/defistock.com\/#website\"},\"primaryImageOfPage\":{\"@id\":\"https:\/\/defistock.com\/produit\/pyjama-bebe-fille\/#primaryimage\"},\"image\":{\"@id\":\"https:\/\/defistock.com\/produit\/pyjama-bebe-fille\/#primaryimage\"},\"thumbnailUrl\":\"https:\/\/defistock.com\/wp-content\/uploads\/2025\/01\/123-Dustypink-1-4.jpg\",\"datePublished\":\"2025-01-14T12:49:47+00:00\",\"breadcrumb\":{\"@id\":\"https:\/\/defistock.com\/produit\/pyjama-bebe-fille\/#breadcrumb\"},\"inLanguage\":\"en-US\",\"potentialAction\":[{\"@type\":\"ReadAction\",\"target\":[\"https:\/\/defistock.com\/produit\/pyjama-bebe-fille\/\"]}]},{\"@type\":\"ImageObject\",\"inLanguage\":\"en-US\",\"@id\":\"https:\/\/defistock.com\/produit\/pyjama-bebe-fille\/#primaryimage\",\"url\":\"https:\/\/defistock.com\/wp-content\/uploads\/2025\/01\/123-Dustypink-1-4.jpg\",\"contentUrl\":\"https:\/\/defistock.com\/wp-content\/uploads\/2025\/01\/123-Dustypink-1-4.jpg\",\"width\":1750,\"height\":1750},{\"@type\":\"BreadcrumbList\",\"@id\":\"https:\/\/defistock.com\/produit\/pyjama-bebe-fille\/#breadcrumb\",\"itemListElement\":[{\"@type\":\"ListItem\",\"position\":1,\"name\":\"Accueil\",\"item\":\"https:\/\/defistock.com\/\"},{\"@type\":\"ListItem\",\"position\":2,\"name\":\"Boutique\",\"item\":\"https:\/\/defistock.com\/boutique\/\"},{\"@type\":\"ListItem\",\"position\":3,\"name\":\"PYJAMA B\u00c9B\u00c9 FILLE\"}]},{\"@type\":\"WebSite\",\"@id\":\"https:\/\/defistock.com\/#website\",\"url\":\"https:\/\/defistock.com\/\",\"name\":\"Defistock\",\"description\":\"Grossiste V\u00eatements Chaussures Sac a main - Defistock.com\",\"publisher\":{\"@id\":\"https:\/\/defistock.com\/#organization\"},\"potentialAction\":[{\"@type\":\"SearchAction\",\"target\":{\"@type\":\"EntryPoint\",\"urlTemplate\":\"https:\/\/defistock.com\/?s={search_term_string}\"},\"query-input\":{\"@type\":\"PropertyValueSpecification\",\"valueRequired\":true,\"valueName\":\"search_term_string\"}}],\"inLanguage\":\"en-US\"},{\"@type\":\"Organization\",\"@id\":\"https:\/\/defistock.com\/#organization\",\"name\":\"Defistock\",\"url\":\"https:\/\/defistock.com\/\",\"logo\":{\"@type\":\"ImageObject\",\"inLanguage\":\"en-US\",\"@id\":\"https:\/\/defistock.com\/#\/schema\/logo\/image\/\",\"url\":\"https:\/\/defistock.kamendo.com\/wp-content\/uploads\/2023\/06\/logo.png\",\"contentUrl\":\"https:\/\/defistock.kamendo.com\/wp-content\/uploads\/2023\/06\/logo.png\",\"width\":400,\"height\":70,\"caption\":\"Defistock\"},\"image\":{\"@id\":\"https:\/\/defistock.com\/#\/schema\/logo\/image\/\"},\"sameAs\":[\"https:\/\/www.facebook.com\/profile.php?id=100094090124828\",\"https:\/\/www.instagram.com\/defistockparis\/\",\"https:\/\/www.tiktok.com\/@chen55550?_t=8dXvcqW1n7j&_r=1\"]}]}<\/script>\n<!-- \/ Yoast SEO plugin. -->","yoast_head_json":{"title":"PYJAMA B\u00c9B\u00c9 FILLE - Defistock","robots":{"index":"index","follow":"follow","max-snippet":"max-snippet:-1","max-image-preview":"max-image-preview:large","max-video-preview":"max-video-preview:-1"},"canonical":"https:\/\/defistock.com\/produit\/pyjama-bebe-fille\/","og_locale":"en_US","og_type":"article","og_title":"PYJAMA B\u00c9B\u00c9 FILLE - Defistock","og_description":"Pyjama fille 2 pi\u00e8ces en coton bio comprenant un t-shirt \u00e0 manches longues \u00e0 motif fleuri \u00e9quip\u00e9e de bouton-pression \u00e0 l'\u00e9paule gauche et d'un pantalon uni","og_url":"https:\/\/defistock.com\/produit\/pyjama-bebe-fille\/","og_site_name":"Defistock","article_publisher":"https:\/\/www.facebook.com\/profile.php?id=100094090124828","og_image":[{"width":1750,"height":1750,"url":"https:\/\/defistock.com\/wp-content\/uploads\/2025\/01\/123-Dustypink-1-4.jpg","type":"image\/jpeg"}],"twitter_card":"summary_large_image","schema":{"@context":"https:\/\/schema.org","@graph":[{"@type":"WebPage","@id":"https:\/\/defistock.com\/produit\/pyjama-bebe-fille\/","url":"https:\/\/defistock.com\/produit\/pyjama-bebe-fille\/","name":"PYJAMA B\u00c9B\u00c9 FILLE - Defistock","isPartOf":{"@id":"https:\/\/defistock.com\/#website"},"primaryImageOfPage":{"@id":"https:\/\/defistock.com\/produit\/pyjama-bebe-fille\/#primaryimage"},"image":{"@id":"https:\/\/defistock.com\/produit\/pyjama-bebe-fille\/#primaryimage"},"thumbnailUrl":"https:\/\/defistock.com\/wp-content\/uploads\/2025\/01\/123-Dustypink-1-4.jpg","datePublished":"2025-01-14T12:49:47+00:00","breadcrumb":{"@id":"https:\/\/defistock.com\/produit\/pyjama-bebe-fille\/#breadcrumb"},"inLanguage":"en-US","potentialAction":[{"@type":"ReadAction","target":["https:\/\/defistock.com\/produit\/pyjama-bebe-fille\/"]}]},{"@type":"ImageObject","inLanguage":"en-US","@id":"https:\/\/defistock.com\/produit\/pyjama-bebe-fille\/#primaryimage","url":"https:\/\/defistock.com\/wp-content\/uploads\/2025\/01\/123-Dustypink-1-4.jpg","contentUrl":"https:\/\/defistock.com\/wp-content\/uploads\/2025\/01\/123-Dustypink-1-4.jpg","width":1750,"height":1750},{"@type":"BreadcrumbList","@id":"https:\/\/defistock.com\/produit\/pyjama-bebe-fille\/#breadcrumb","itemListElement":[{"@type":"ListItem","position":1,"name":"Accueil","item":"https:\/\/defistock.com\/"},{"@type":"ListItem","position":2,"name":"Boutique","item":"https:\/\/defistock.com\/boutique\/"},{"@type":"ListItem","position":3,"name":"PYJAMA B\u00c9B\u00c9 FILLE"}]},{"@type":"WebSite","@id":"https:\/\/defistock.com\/#website","url":"https:\/\/defistock.com\/","name":"Defistock","description":"Grossiste V\u00eatements Chaussures Sac a main - Defistock.com","publisher":{"@id":"https:\/\/defistock.com\/#organization"},"potentialAction":[{"@type":"SearchAction","target":{"@type":"EntryPoint","urlTemplate":"https:\/\/defistock.com\/?s={search_term_string}"},"query-input":{"@type":"PropertyValueSpecification","valueRequired":true,"valueName":"search_term_string"}}],"inLanguage":"en-US"},{"@type":"Organization","@id":"https:\/\/defistock.com\/#organization","name":"Defistock","url":"https:\/\/defistock.com\/","logo":{"@type":"ImageObject","inLanguage":"en-US","@id":"https:\/\/defistock.com\/#\/schema\/logo\/image\/","url":"https:\/\/defistock.kamendo.com\/wp-content\/uploads\/2023\/06\/logo.png","contentUrl":"https:\/\/defistock.kamendo.com\/wp-content\/uploads\/2023\/06\/logo.png","width":400,"height":70,"caption":"Defistock"},"image":{"@id":"https:\/\/defistock.com\/#\/schema\/logo\/image\/"},"sameAs":["https:\/\/www.facebook.com\/profile.php?id=100094090124828","https:\/\/www.instagram.com\/defistockparis\/","https:\/\/www.tiktok.com\/@chen55550?_t=8dXvcqW1n7j&_r=1"]}]}},"_links":{"self":[{"href":"https:\/\/defistock.com\/en\/wp-json\/wp\/v2\/product\/8312","targetHints":{"allow":["GET"]}}],"collection":[{"href":"https:\/\/defistock.com\/en\/wp-json\/wp\/v2\/product"}],"about":[{"href":"https:\/\/defistock.com\/en\/wp-json\/wp\/v2\/types\/product"}],"replies":[{"embeddable":true,"href":"https:\/\/defistock.com\/en\/wp-json\/wp\/v2\/comments?post=8312"}],"version-history":[{"count":2,"href":"https:\/\/defistock.com\/en\/wp-json\/wp\/v2\/product\/8312\/revisions"}],"predecessor-version":[{"id":8322,"href":"https:\/\/defistock.com\/en\/wp-json\/wp\/v2\/product\/8312\/revisions\/8322"}],"wp:featuredmedia":[{"embeddable":true,"href":"https:\/\/defistock.com\/en\/wp-json\/wp\/v2\/media\/8313"}],"wp:attachment":[{"href":"https:\/\/defistock.com\/en\/wp-json\/wp\/v2\/media?parent=8312"}],"wp:term":[{"taxonomy":"brand","embeddable":true,"href":"https:\/\/defistock.com\/en\/wp-json\/wp\/v2\/etheme_brands?post=8312"},{"taxonomy":"product_brand","embeddable":true,"href":"https:\/\/defistock.com\/en\/wp-json\/wp\/v2\/product_brand?post=8312"},{"taxonomy":"product_cat","embeddable":true,"href":"https:\/\/defistock.com\/en\/wp-json\/wp\/v2\/product_cat?post=8312"},{"taxonomy":"product_tag","embeddable":true,"href":"https:\/\/defistock.com\/en\/wp-json\/wp\/v2\/product_tag?post=8312"}],"curies":[{"name":"wp","href":"https:\/\/api.w.org\/{rel}","templated":true}]}}