{"id":10918,"date":"2025-10-30T17:15:54","date_gmt":"2025-10-30T16:15:54","guid":{"rendered":"https:\/\/defistock.com\/?post_type=product&#038;p=10918"},"modified":"2025-10-30T17:15:55","modified_gmt":"2025-10-30T16:15:55","slug":"sweat-bebe-garcon","status":"publish","type":"product","link":"https:\/\/defistock.com\/en\/produit\/sweat-bebe-garcon\/","title":{"rendered":"SWEAT B\u00c9B\u00c9 GAR\u00c7ON"},"content":{"rendered":"","protected":false},"excerpt":{"rendered":"<p>Sweat \u00e0 capuche pour b\u00e9b\u00e9 gar\u00e7on, bleu fonc\u00e9, avec resserrement aux manches et \u00e0 la taille pour un confort optimal. Chaque manche est orn\u00e9e d\u2019une bande blanche, et le devant affiche un logo color\u00e9 \u201cCAVE\u201d en blanc et orange pour un style moderne et tendance. Doux et pratique, id\u00e9al pour le quotidien et les sorties.<\/p>\n","protected":false},"featured_media":10919,"comment_status":"open","ping_status":"closed","template":"","meta":{"_acf_changed":false},"etheme_brands":[],"product_brand":[],"product_cat":[124],"product_tag":[],"class_list":{"0":"post-10918","1":"product","2":"type-product","3":"status-publish","4":"has-post-thumbnail","6":"product_cat-vetements-bebe","8":"first","9":"instock","10":"taxable","11":"shipping-taxable","12":"purchasable","13":"product-type-simple"},"acf":[],"yoast_head":"<!-- This site is optimized with the Yoast SEO plugin v25.8 - https:\/\/yoast.com\/wordpress\/plugins\/seo\/ -->\n<title>SWEAT B\u00c9B\u00c9 GAR\u00c7ON - Defistock<\/title>\n<meta name=\"robots\" content=\"index, follow, max-snippet:-1, max-image-preview:large, max-video-preview:-1\" \/>\n<link rel=\"canonical\" href=\"https:\/\/defistock.com\/produit\/sweat-bebe-garcon\/\" \/>\n<meta property=\"og:locale\" content=\"en_US\" \/>\n<meta property=\"og:type\" content=\"article\" \/>\n<meta property=\"og:title\" content=\"SWEAT B\u00c9B\u00c9 GAR\u00c7ON - Defistock\" \/>\n<meta property=\"og:description\" content=\"Sweat \u00e0 capuche pour b\u00e9b\u00e9 gar\u00e7on, bleu fonc\u00e9, avec resserrement aux manches et \u00e0 la taille pour un confort optimal. Chaque manche est orn\u00e9e d\u2019une bande blanche, et le devant affiche un logo color\u00e9 \u201cCAVE\u201d en blanc et orange pour un style moderne et tendance. Doux et pratique, id\u00e9al pour le quotidien et les sorties.\" \/>\n<meta property=\"og:url\" content=\"https:\/\/defistock.com\/produit\/sweat-bebe-garcon\/\" \/>\n<meta property=\"og:site_name\" content=\"Defistock\" \/>\n<meta property=\"article:publisher\" content=\"https:\/\/www.facebook.com\/profile.php?id=100094090124828\" \/>\n<meta property=\"article:modified_time\" content=\"2025-10-30T16:15:55+00:00\" \/>\n<meta property=\"og:image\" content=\"https:\/\/defistock.com\/wp-content\/uploads\/2025\/10\/O56729-35.jpg\" \/>\n\t<meta property=\"og:image:width\" content=\"1100\" \/>\n\t<meta property=\"og:image:height\" content=\"1100\" \/>\n\t<meta property=\"og:image:type\" content=\"image\/jpeg\" \/>\n<meta name=\"twitter:card\" content=\"summary_large_image\" \/>\n<meta name=\"twitter:label1\" content=\"Est. reading time\" \/>\n\t<meta name=\"twitter:data1\" content=\"1 minute\" \/>\n<script type=\"application\/ld+json\" class=\"yoast-schema-graph\">{\"@context\":\"https:\/\/schema.org\",\"@graph\":[{\"@type\":\"WebPage\",\"@id\":\"https:\/\/defistock.com\/produit\/sweat-bebe-garcon\/\",\"url\":\"https:\/\/defistock.com\/produit\/sweat-bebe-garcon\/\",\"name\":\"SWEAT B\u00c9B\u00c9 GAR\u00c7ON - Defistock\",\"isPartOf\":{\"@id\":\"https:\/\/defistock.com\/#website\"},\"primaryImageOfPage\":{\"@id\":\"https:\/\/defistock.com\/produit\/sweat-bebe-garcon\/#primaryimage\"},\"image\":{\"@id\":\"https:\/\/defistock.com\/produit\/sweat-bebe-garcon\/#primaryimage\"},\"thumbnailUrl\":\"https:\/\/defistock.com\/wp-content\/uploads\/2025\/10\/O56729-35.jpg\",\"datePublished\":\"2025-10-30T16:15:54+00:00\",\"dateModified\":\"2025-10-30T16:15:55+00:00\",\"breadcrumb\":{\"@id\":\"https:\/\/defistock.com\/produit\/sweat-bebe-garcon\/#breadcrumb\"},\"inLanguage\":\"en-US\",\"potentialAction\":[{\"@type\":\"ReadAction\",\"target\":[\"https:\/\/defistock.com\/produit\/sweat-bebe-garcon\/\"]}]},{\"@type\":\"ImageObject\",\"inLanguage\":\"en-US\",\"@id\":\"https:\/\/defistock.com\/produit\/sweat-bebe-garcon\/#primaryimage\",\"url\":\"https:\/\/defistock.com\/wp-content\/uploads\/2025\/10\/O56729-35.jpg\",\"contentUrl\":\"https:\/\/defistock.com\/wp-content\/uploads\/2025\/10\/O56729-35.jpg\",\"width\":1100,\"height\":1100},{\"@type\":\"BreadcrumbList\",\"@id\":\"https:\/\/defistock.com\/produit\/sweat-bebe-garcon\/#breadcrumb\",\"itemListElement\":[{\"@type\":\"ListItem\",\"position\":1,\"name\":\"Accueil\",\"item\":\"https:\/\/defistock.com\/\"},{\"@type\":\"ListItem\",\"position\":2,\"name\":\"Boutique\",\"item\":\"https:\/\/defistock.com\/boutique\/\"},{\"@type\":\"ListItem\",\"position\":3,\"name\":\"SWEAT B\u00c9B\u00c9 GAR\u00c7ON\"}]},{\"@type\":\"WebSite\",\"@id\":\"https:\/\/defistock.com\/#website\",\"url\":\"https:\/\/defistock.com\/\",\"name\":\"Defistock\",\"description\":\"Grossiste V\u00eatements Chaussures Sac a main - Defistock.com\",\"publisher\":{\"@id\":\"https:\/\/defistock.com\/#organization\"},\"potentialAction\":[{\"@type\":\"SearchAction\",\"target\":{\"@type\":\"EntryPoint\",\"urlTemplate\":\"https:\/\/defistock.com\/?s={search_term_string}\"},\"query-input\":{\"@type\":\"PropertyValueSpecification\",\"valueRequired\":true,\"valueName\":\"search_term_string\"}}],\"inLanguage\":\"en-US\"},{\"@type\":\"Organization\",\"@id\":\"https:\/\/defistock.com\/#organization\",\"name\":\"Defistock\",\"url\":\"https:\/\/defistock.com\/\",\"logo\":{\"@type\":\"ImageObject\",\"inLanguage\":\"en-US\",\"@id\":\"https:\/\/defistock.com\/#\/schema\/logo\/image\/\",\"url\":\"https:\/\/defistock.kamendo.com\/wp-content\/uploads\/2023\/06\/logo.png\",\"contentUrl\":\"https:\/\/defistock.kamendo.com\/wp-content\/uploads\/2023\/06\/logo.png\",\"width\":400,\"height\":70,\"caption\":\"Defistock\"},\"image\":{\"@id\":\"https:\/\/defistock.com\/#\/schema\/logo\/image\/\"},\"sameAs\":[\"https:\/\/www.facebook.com\/profile.php?id=100094090124828\",\"https:\/\/www.instagram.com\/defistockparis\/\",\"https:\/\/www.tiktok.com\/@chen55550?_t=8dXvcqW1n7j&_r=1\"]}]}<\/script>\n<!-- \/ Yoast SEO plugin. -->","yoast_head_json":{"title":"SWEAT B\u00c9B\u00c9 GAR\u00c7ON - Defistock","robots":{"index":"index","follow":"follow","max-snippet":"max-snippet:-1","max-image-preview":"max-image-preview:large","max-video-preview":"max-video-preview:-1"},"canonical":"https:\/\/defistock.com\/produit\/sweat-bebe-garcon\/","og_locale":"en_US","og_type":"article","og_title":"SWEAT B\u00c9B\u00c9 GAR\u00c7ON - Defistock","og_description":"Sweat \u00e0 capuche pour b\u00e9b\u00e9 gar\u00e7on, bleu fonc\u00e9, avec resserrement aux manches et \u00e0 la taille pour un confort optimal. Chaque manche est orn\u00e9e d\u2019une bande blanche, et le devant affiche un logo color\u00e9 \u201cCAVE\u201d en blanc et orange pour un style moderne et tendance. Doux et pratique, id\u00e9al pour le quotidien et les sorties.","og_url":"https:\/\/defistock.com\/produit\/sweat-bebe-garcon\/","og_site_name":"Defistock","article_publisher":"https:\/\/www.facebook.com\/profile.php?id=100094090124828","article_modified_time":"2025-10-30T16:15:55+00:00","og_image":[{"width":1100,"height":1100,"url":"https:\/\/defistock.com\/wp-content\/uploads\/2025\/10\/O56729-35.jpg","type":"image\/jpeg"}],"twitter_card":"summary_large_image","twitter_misc":{"Est. reading time":"1 minute"},"schema":{"@context":"https:\/\/schema.org","@graph":[{"@type":"WebPage","@id":"https:\/\/defistock.com\/produit\/sweat-bebe-garcon\/","url":"https:\/\/defistock.com\/produit\/sweat-bebe-garcon\/","name":"SWEAT B\u00c9B\u00c9 GAR\u00c7ON - Defistock","isPartOf":{"@id":"https:\/\/defistock.com\/#website"},"primaryImageOfPage":{"@id":"https:\/\/defistock.com\/produit\/sweat-bebe-garcon\/#primaryimage"},"image":{"@id":"https:\/\/defistock.com\/produit\/sweat-bebe-garcon\/#primaryimage"},"thumbnailUrl":"https:\/\/defistock.com\/wp-content\/uploads\/2025\/10\/O56729-35.jpg","datePublished":"2025-10-30T16:15:54+00:00","dateModified":"2025-10-30T16:15:55+00:00","breadcrumb":{"@id":"https:\/\/defistock.com\/produit\/sweat-bebe-garcon\/#breadcrumb"},"inLanguage":"en-US","potentialAction":[{"@type":"ReadAction","target":["https:\/\/defistock.com\/produit\/sweat-bebe-garcon\/"]}]},{"@type":"ImageObject","inLanguage":"en-US","@id":"https:\/\/defistock.com\/produit\/sweat-bebe-garcon\/#primaryimage","url":"https:\/\/defistock.com\/wp-content\/uploads\/2025\/10\/O56729-35.jpg","contentUrl":"https:\/\/defistock.com\/wp-content\/uploads\/2025\/10\/O56729-35.jpg","width":1100,"height":1100},{"@type":"BreadcrumbList","@id":"https:\/\/defistock.com\/produit\/sweat-bebe-garcon\/#breadcrumb","itemListElement":[{"@type":"ListItem","position":1,"name":"Accueil","item":"https:\/\/defistock.com\/"},{"@type":"ListItem","position":2,"name":"Boutique","item":"https:\/\/defistock.com\/boutique\/"},{"@type":"ListItem","position":3,"name":"SWEAT B\u00c9B\u00c9 GAR\u00c7ON"}]},{"@type":"WebSite","@id":"https:\/\/defistock.com\/#website","url":"https:\/\/defistock.com\/","name":"Defistock","description":"Grossiste V\u00eatements Chaussures Sac a main - Defistock.com","publisher":{"@id":"https:\/\/defistock.com\/#organization"},"potentialAction":[{"@type":"SearchAction","target":{"@type":"EntryPoint","urlTemplate":"https:\/\/defistock.com\/?s={search_term_string}"},"query-input":{"@type":"PropertyValueSpecification","valueRequired":true,"valueName":"search_term_string"}}],"inLanguage":"en-US"},{"@type":"Organization","@id":"https:\/\/defistock.com\/#organization","name":"Defistock","url":"https:\/\/defistock.com\/","logo":{"@type":"ImageObject","inLanguage":"en-US","@id":"https:\/\/defistock.com\/#\/schema\/logo\/image\/","url":"https:\/\/defistock.kamendo.com\/wp-content\/uploads\/2023\/06\/logo.png","contentUrl":"https:\/\/defistock.kamendo.com\/wp-content\/uploads\/2023\/06\/logo.png","width":400,"height":70,"caption":"Defistock"},"image":{"@id":"https:\/\/defistock.com\/#\/schema\/logo\/image\/"},"sameAs":["https:\/\/www.facebook.com\/profile.php?id=100094090124828","https:\/\/www.instagram.com\/defistockparis\/","https:\/\/www.tiktok.com\/@chen55550?_t=8dXvcqW1n7j&_r=1"]}]}},"_links":{"self":[{"href":"https:\/\/defistock.com\/en\/wp-json\/wp\/v2\/product\/10918","targetHints":{"allow":["GET"]}}],"collection":[{"href":"https:\/\/defistock.com\/en\/wp-json\/wp\/v2\/product"}],"about":[{"href":"https:\/\/defistock.com\/en\/wp-json\/wp\/v2\/types\/product"}],"replies":[{"embeddable":true,"href":"https:\/\/defistock.com\/en\/wp-json\/wp\/v2\/comments?post=10918"}],"version-history":[{"count":1,"href":"https:\/\/defistock.com\/en\/wp-json\/wp\/v2\/product\/10918\/revisions"}],"predecessor-version":[{"id":10923,"href":"https:\/\/defistock.com\/en\/wp-json\/wp\/v2\/product\/10918\/revisions\/10923"}],"wp:featuredmedia":[{"embeddable":true,"href":"https:\/\/defistock.com\/en\/wp-json\/wp\/v2\/media\/10919"}],"wp:attachment":[{"href":"https:\/\/defistock.com\/en\/wp-json\/wp\/v2\/media?parent=10918"}],"wp:term":[{"taxonomy":"brand","embeddable":true,"href":"https:\/\/defistock.com\/en\/wp-json\/wp\/v2\/etheme_brands?post=10918"},{"taxonomy":"product_brand","embeddable":true,"href":"https:\/\/defistock.com\/en\/wp-json\/wp\/v2\/product_brand?post=10918"},{"taxonomy":"product_cat","embeddable":true,"href":"https:\/\/defistock.com\/en\/wp-json\/wp\/v2\/product_cat?post=10918"},{"taxonomy":"product_tag","embeddable":true,"href":"https:\/\/defistock.com\/en\/wp-json\/wp\/v2\/product_tag?post=10918"}],"curies":[{"name":"wp","href":"https:\/\/api.w.org\/{rel}","templated":true}]}}