{"id":10587,"date":"2025-05-20T16:40:18","date_gmt":"2025-05-20T14:40:18","guid":{"rendered":"https:\/\/defistock.com\/?post_type=product&#038;p=10587"},"modified":"2025-05-20T16:40:18","modified_gmt":"2025-05-20T14:40:18","slug":"t-shirt-bebe-fille-3","status":"publish","type":"product","link":"https:\/\/defistock.com\/en\/produit\/t-shirt-bebe-fille-3\/","title":{"rendered":"T-SHIRT B\u00c9B\u00c9 FILLE"},"content":{"rendered":"","protected":false},"excerpt":{"rendered":"<p>T-shirt b\u00e9b\u00e9 fille de couleur blanc cass\u00e9 avec des manches courtes \u00e0 volants en broderie. Le devant est orn\u00e9 d&#8217;une d\u00e9licate broderie florale dans les tons rose p\u00e2le et vert, dispos\u00e9e en frise horizontale juste sous l&#8217;encolure ronde. 100% fabriqu\u00e9e en coton, l\u00e9g\u00e8rement textur\u00e9, le haut a une coupe ample et confortable, boutons pression au dos pour enfilage facile adapt\u00e9e aux enfants en bas \u00e2ge<\/p>\n","protected":false},"featured_media":10592,"comment_status":"open","ping_status":"closed","template":"","meta":{"_acf_changed":false},"etheme_brands":[],"product_brand":[],"product_cat":[124],"product_tag":[],"class_list":{"0":"post-10587","1":"product","2":"type-product","3":"status-publish","4":"has-post-thumbnail","6":"product_cat-vetements-bebe","8":"first","9":"instock","10":"taxable","11":"shipping-taxable","12":"purchasable","13":"product-type-simple"},"acf":[],"yoast_head":"<!-- This site is optimized with the Yoast SEO plugin v25.8 - https:\/\/yoast.com\/wordpress\/plugins\/seo\/ -->\n<title>T-SHIRT B\u00c9B\u00c9 FILLE - Defistock<\/title>\n<meta name=\"robots\" content=\"index, follow, max-snippet:-1, max-image-preview:large, max-video-preview:-1\" \/>\n<link rel=\"canonical\" href=\"https:\/\/defistock.com\/produit\/t-shirt-bebe-fille-3\/\" \/>\n<meta property=\"og:locale\" content=\"en_US\" \/>\n<meta property=\"og:type\" content=\"article\" \/>\n<meta property=\"og:title\" content=\"T-SHIRT B\u00c9B\u00c9 FILLE - Defistock\" \/>\n<meta property=\"og:description\" content=\"T-shirt b\u00e9b\u00e9 fille de couleur blanc cass\u00e9 avec des manches courtes \u00e0 volants en broderie. Le devant est orn\u00e9 d&#039;une d\u00e9licate broderie florale dans les tons rose p\u00e2le et vert, dispos\u00e9e en frise horizontale juste sous l&#039;encolure ronde. 100% fabriqu\u00e9e en coton, l\u00e9g\u00e8rement textur\u00e9, le haut a une coupe ample et confortable, boutons pression au dos pour enfilage facile adapt\u00e9e aux enfants en bas \u00e2ge\" \/>\n<meta property=\"og:url\" content=\"https:\/\/defistock.com\/produit\/t-shirt-bebe-fille-3\/\" \/>\n<meta property=\"og:site_name\" content=\"Defistock\" \/>\n<meta property=\"article:publisher\" content=\"https:\/\/www.facebook.com\/profile.php?id=100094090124828\" \/>\n<meta property=\"og:image\" content=\"https:\/\/defistock.com\/wp-content\/uploads\/2025\/05\/t-shirt-bebe-fille_blanc_681b41d8e3f2a.webp\" \/>\n\t<meta property=\"og:image:width\" content=\"640\" \/>\n\t<meta property=\"og:image:height\" content=\"640\" \/>\n\t<meta property=\"og:image:type\" content=\"image\/webp\" \/>\n<meta name=\"twitter:card\" content=\"summary_large_image\" \/>\n<meta name=\"twitter:label1\" content=\"Est. reading time\" \/>\n\t<meta name=\"twitter:data1\" content=\"1 minute\" \/>\n<script type=\"application\/ld+json\" class=\"yoast-schema-graph\">{\"@context\":\"https:\/\/schema.org\",\"@graph\":[{\"@type\":\"WebPage\",\"@id\":\"https:\/\/defistock.com\/produit\/t-shirt-bebe-fille-3\/\",\"url\":\"https:\/\/defistock.com\/produit\/t-shirt-bebe-fille-3\/\",\"name\":\"T-SHIRT B\u00c9B\u00c9 FILLE - Defistock\",\"isPartOf\":{\"@id\":\"https:\/\/defistock.com\/#website\"},\"primaryImageOfPage\":{\"@id\":\"https:\/\/defistock.com\/produit\/t-shirt-bebe-fille-3\/#primaryimage\"},\"image\":{\"@id\":\"https:\/\/defistock.com\/produit\/t-shirt-bebe-fille-3\/#primaryimage\"},\"thumbnailUrl\":\"https:\/\/defistock.com\/wp-content\/uploads\/2025\/05\/t-shirt-bebe-fille_blanc_681b41d8e3f2a.webp\",\"datePublished\":\"2025-05-20T14:40:18+00:00\",\"breadcrumb\":{\"@id\":\"https:\/\/defistock.com\/produit\/t-shirt-bebe-fille-3\/#breadcrumb\"},\"inLanguage\":\"en-US\",\"potentialAction\":[{\"@type\":\"ReadAction\",\"target\":[\"https:\/\/defistock.com\/produit\/t-shirt-bebe-fille-3\/\"]}]},{\"@type\":\"ImageObject\",\"inLanguage\":\"en-US\",\"@id\":\"https:\/\/defistock.com\/produit\/t-shirt-bebe-fille-3\/#primaryimage\",\"url\":\"https:\/\/defistock.com\/wp-content\/uploads\/2025\/05\/t-shirt-bebe-fille_blanc_681b41d8e3f2a.webp\",\"contentUrl\":\"https:\/\/defistock.com\/wp-content\/uploads\/2025\/05\/t-shirt-bebe-fille_blanc_681b41d8e3f2a.webp\",\"width\":640,\"height\":640},{\"@type\":\"BreadcrumbList\",\"@id\":\"https:\/\/defistock.com\/produit\/t-shirt-bebe-fille-3\/#breadcrumb\",\"itemListElement\":[{\"@type\":\"ListItem\",\"position\":1,\"name\":\"Accueil\",\"item\":\"https:\/\/defistock.com\/\"},{\"@type\":\"ListItem\",\"position\":2,\"name\":\"Boutique\",\"item\":\"https:\/\/defistock.com\/boutique\/\"},{\"@type\":\"ListItem\",\"position\":3,\"name\":\"T-SHIRT B\u00c9B\u00c9 FILLE\"}]},{\"@type\":\"WebSite\",\"@id\":\"https:\/\/defistock.com\/#website\",\"url\":\"https:\/\/defistock.com\/\",\"name\":\"Defistock\",\"description\":\"Grossiste V\u00eatements Chaussures Sac a main - Defistock.com\",\"publisher\":{\"@id\":\"https:\/\/defistock.com\/#organization\"},\"potentialAction\":[{\"@type\":\"SearchAction\",\"target\":{\"@type\":\"EntryPoint\",\"urlTemplate\":\"https:\/\/defistock.com\/?s={search_term_string}\"},\"query-input\":{\"@type\":\"PropertyValueSpecification\",\"valueRequired\":true,\"valueName\":\"search_term_string\"}}],\"inLanguage\":\"en-US\"},{\"@type\":\"Organization\",\"@id\":\"https:\/\/defistock.com\/#organization\",\"name\":\"Defistock\",\"url\":\"https:\/\/defistock.com\/\",\"logo\":{\"@type\":\"ImageObject\",\"inLanguage\":\"en-US\",\"@id\":\"https:\/\/defistock.com\/#\/schema\/logo\/image\/\",\"url\":\"https:\/\/defistock.kamendo.com\/wp-content\/uploads\/2023\/06\/logo.png\",\"contentUrl\":\"https:\/\/defistock.kamendo.com\/wp-content\/uploads\/2023\/06\/logo.png\",\"width\":400,\"height\":70,\"caption\":\"Defistock\"},\"image\":{\"@id\":\"https:\/\/defistock.com\/#\/schema\/logo\/image\/\"},\"sameAs\":[\"https:\/\/www.facebook.com\/profile.php?id=100094090124828\",\"https:\/\/www.instagram.com\/defistockparis\/\",\"https:\/\/www.tiktok.com\/@chen55550?_t=8dXvcqW1n7j&_r=1\"]}]}<\/script>\n<!-- \/ Yoast SEO plugin. -->","yoast_head_json":{"title":"T-SHIRT B\u00c9B\u00c9 FILLE - Defistock","robots":{"index":"index","follow":"follow","max-snippet":"max-snippet:-1","max-image-preview":"max-image-preview:large","max-video-preview":"max-video-preview:-1"},"canonical":"https:\/\/defistock.com\/produit\/t-shirt-bebe-fille-3\/","og_locale":"en_US","og_type":"article","og_title":"T-SHIRT B\u00c9B\u00c9 FILLE - Defistock","og_description":"T-shirt b\u00e9b\u00e9 fille de couleur blanc cass\u00e9 avec des manches courtes \u00e0 volants en broderie. Le devant est orn\u00e9 d'une d\u00e9licate broderie florale dans les tons rose p\u00e2le et vert, dispos\u00e9e en frise horizontale juste sous l'encolure ronde. 100% fabriqu\u00e9e en coton, l\u00e9g\u00e8rement textur\u00e9, le haut a une coupe ample et confortable, boutons pression au dos pour enfilage facile adapt\u00e9e aux enfants en bas \u00e2ge","og_url":"https:\/\/defistock.com\/produit\/t-shirt-bebe-fille-3\/","og_site_name":"Defistock","article_publisher":"https:\/\/www.facebook.com\/profile.php?id=100094090124828","og_image":[{"width":640,"height":640,"url":"https:\/\/defistock.com\/wp-content\/uploads\/2025\/05\/t-shirt-bebe-fille_blanc_681b41d8e3f2a.webp","type":"image\/webp"}],"twitter_card":"summary_large_image","twitter_misc":{"Est. reading time":"1 minute"},"schema":{"@context":"https:\/\/schema.org","@graph":[{"@type":"WebPage","@id":"https:\/\/defistock.com\/produit\/t-shirt-bebe-fille-3\/","url":"https:\/\/defistock.com\/produit\/t-shirt-bebe-fille-3\/","name":"T-SHIRT B\u00c9B\u00c9 FILLE - Defistock","isPartOf":{"@id":"https:\/\/defistock.com\/#website"},"primaryImageOfPage":{"@id":"https:\/\/defistock.com\/produit\/t-shirt-bebe-fille-3\/#primaryimage"},"image":{"@id":"https:\/\/defistock.com\/produit\/t-shirt-bebe-fille-3\/#primaryimage"},"thumbnailUrl":"https:\/\/defistock.com\/wp-content\/uploads\/2025\/05\/t-shirt-bebe-fille_blanc_681b41d8e3f2a.webp","datePublished":"2025-05-20T14:40:18+00:00","breadcrumb":{"@id":"https:\/\/defistock.com\/produit\/t-shirt-bebe-fille-3\/#breadcrumb"},"inLanguage":"en-US","potentialAction":[{"@type":"ReadAction","target":["https:\/\/defistock.com\/produit\/t-shirt-bebe-fille-3\/"]}]},{"@type":"ImageObject","inLanguage":"en-US","@id":"https:\/\/defistock.com\/produit\/t-shirt-bebe-fille-3\/#primaryimage","url":"https:\/\/defistock.com\/wp-content\/uploads\/2025\/05\/t-shirt-bebe-fille_blanc_681b41d8e3f2a.webp","contentUrl":"https:\/\/defistock.com\/wp-content\/uploads\/2025\/05\/t-shirt-bebe-fille_blanc_681b41d8e3f2a.webp","width":640,"height":640},{"@type":"BreadcrumbList","@id":"https:\/\/defistock.com\/produit\/t-shirt-bebe-fille-3\/#breadcrumb","itemListElement":[{"@type":"ListItem","position":1,"name":"Accueil","item":"https:\/\/defistock.com\/"},{"@type":"ListItem","position":2,"name":"Boutique","item":"https:\/\/defistock.com\/boutique\/"},{"@type":"ListItem","position":3,"name":"T-SHIRT B\u00c9B\u00c9 FILLE"}]},{"@type":"WebSite","@id":"https:\/\/defistock.com\/#website","url":"https:\/\/defistock.com\/","name":"Defistock","description":"Grossiste V\u00eatements Chaussures Sac a main - Defistock.com","publisher":{"@id":"https:\/\/defistock.com\/#organization"},"potentialAction":[{"@type":"SearchAction","target":{"@type":"EntryPoint","urlTemplate":"https:\/\/defistock.com\/?s={search_term_string}"},"query-input":{"@type":"PropertyValueSpecification","valueRequired":true,"valueName":"search_term_string"}}],"inLanguage":"en-US"},{"@type":"Organization","@id":"https:\/\/defistock.com\/#organization","name":"Defistock","url":"https:\/\/defistock.com\/","logo":{"@type":"ImageObject","inLanguage":"en-US","@id":"https:\/\/defistock.com\/#\/schema\/logo\/image\/","url":"https:\/\/defistock.kamendo.com\/wp-content\/uploads\/2023\/06\/logo.png","contentUrl":"https:\/\/defistock.kamendo.com\/wp-content\/uploads\/2023\/06\/logo.png","width":400,"height":70,"caption":"Defistock"},"image":{"@id":"https:\/\/defistock.com\/#\/schema\/logo\/image\/"},"sameAs":["https:\/\/www.facebook.com\/profile.php?id=100094090124828","https:\/\/www.instagram.com\/defistockparis\/","https:\/\/www.tiktok.com\/@chen55550?_t=8dXvcqW1n7j&_r=1"]}]}},"_links":{"self":[{"href":"https:\/\/defistock.com\/en\/wp-json\/wp\/v2\/product\/10587","targetHints":{"allow":["GET"]}}],"collection":[{"href":"https:\/\/defistock.com\/en\/wp-json\/wp\/v2\/product"}],"about":[{"href":"https:\/\/defistock.com\/en\/wp-json\/wp\/v2\/types\/product"}],"replies":[{"embeddable":true,"href":"https:\/\/defistock.com\/en\/wp-json\/wp\/v2\/comments?post=10587"}],"version-history":[{"count":3,"href":"https:\/\/defistock.com\/en\/wp-json\/wp\/v2\/product\/10587\/revisions"}],"predecessor-version":[{"id":10596,"href":"https:\/\/defistock.com\/en\/wp-json\/wp\/v2\/product\/10587\/revisions\/10596"}],"wp:featuredmedia":[{"embeddable":true,"href":"https:\/\/defistock.com\/en\/wp-json\/wp\/v2\/media\/10592"}],"wp:attachment":[{"href":"https:\/\/defistock.com\/en\/wp-json\/wp\/v2\/media?parent=10587"}],"wp:term":[{"taxonomy":"brand","embeddable":true,"href":"https:\/\/defistock.com\/en\/wp-json\/wp\/v2\/etheme_brands?post=10587"},{"taxonomy":"product_brand","embeddable":true,"href":"https:\/\/defistock.com\/en\/wp-json\/wp\/v2\/product_brand?post=10587"},{"taxonomy":"product_cat","embeddable":true,"href":"https:\/\/defistock.com\/en\/wp-json\/wp\/v2\/product_cat?post=10587"},{"taxonomy":"product_tag","embeddable":true,"href":"https:\/\/defistock.com\/en\/wp-json\/wp\/v2\/product_tag?post=10587"}],"curies":[{"name":"wp","href":"https:\/\/api.w.org\/{rel}","templated":true}]}}