{"id":10360,"date":"2025-03-10T14:16:31","date_gmt":"2025-03-10T13:16:31","guid":{"rendered":"https:\/\/defistock.com\/?post_type=product&#038;p=10360"},"modified":"2025-05-20T12:44:22","modified_gmt":"2025-05-20T10:44:22","slug":"ensemble-bebe-fille-14","status":"publish","type":"product","link":"https:\/\/defistock.com\/en\/produit\/ensemble-bebe-fille-14\/","title":{"rendered":"ENSEMBLE B\u00c9B\u00c9 FILLE"},"content":{"rendered":"","protected":false},"excerpt":{"rendered":"<p>Ensemble b\u00e9b\u00e9 fille qui comprend une robe, un legging et un bandeau assorti. La robe est de couleur rose avec imprim\u00e9 floral, poss\u00e8de des volants et des courtes manches. La tenue est compl\u00e9t\u00e9e par un legging rose uni et un bandeau \u00e0 n\u0153ud imprim\u00e9 floral assorti.<\/p>\n","protected":false},"featured_media":10367,"comment_status":"open","ping_status":"closed","template":"","meta":{"_acf_changed":false},"etheme_brands":[],"product_brand":[],"product_cat":[124],"product_tag":[],"class_list":{"0":"post-10360","1":"product","2":"type-product","3":"status-publish","4":"has-post-thumbnail","6":"product_cat-vetements-bebe","8":"first","9":"instock","10":"taxable","11":"shipping-taxable","12":"purchasable","13":"product-type-simple"},"acf":[],"yoast_head":"<!-- This site is optimized with the Yoast SEO plugin v25.8 - https:\/\/yoast.com\/wordpress\/plugins\/seo\/ -->\n<title>ENSEMBLE B\u00c9B\u00c9 FILLE - Defistock<\/title>\n<meta name=\"robots\" content=\"index, follow, max-snippet:-1, max-image-preview:large, max-video-preview:-1\" \/>\n<link rel=\"canonical\" href=\"https:\/\/defistock.com\/produit\/ensemble-bebe-fille-14\/\" \/>\n<meta property=\"og:locale\" content=\"en_US\" \/>\n<meta property=\"og:type\" content=\"article\" \/>\n<meta property=\"og:title\" content=\"ENSEMBLE B\u00c9B\u00c9 FILLE - Defistock\" \/>\n<meta property=\"og:description\" content=\"Ensemble b\u00e9b\u00e9 fille qui comprend une robe, un legging et un bandeau assorti. La robe est de couleur rose avec imprim\u00e9 floral, poss\u00e8de des volants et des courtes manches. La tenue est compl\u00e9t\u00e9e par un legging rose uni et un bandeau \u00e0 n\u0153ud imprim\u00e9 floral assorti.\" \/>\n<meta property=\"og:url\" content=\"https:\/\/defistock.com\/produit\/ensemble-bebe-fille-14\/\" \/>\n<meta property=\"og:site_name\" content=\"Defistock\" \/>\n<meta property=\"article:publisher\" content=\"https:\/\/www.facebook.com\/profile.php?id=100094090124828\" \/>\n<meta property=\"article:modified_time\" content=\"2025-05-20T10:44:22+00:00\" \/>\n<meta property=\"og:image\" content=\"https:\/\/defistock.com\/wp-content\/uploads\/2025\/03\/P54341-31-L70-Lightpeach-127630.jpg\" \/>\n\t<meta property=\"og:image:width\" content=\"640\" \/>\n\t<meta property=\"og:image:height\" content=\"640\" \/>\n\t<meta property=\"og:image:type\" content=\"image\/jpeg\" \/>\n<meta name=\"twitter:card\" content=\"summary_large_image\" \/>\n<meta name=\"twitter:label1\" content=\"Est. reading time\" \/>\n\t<meta name=\"twitter:data1\" content=\"1 minute\" \/>\n<script type=\"application\/ld+json\" class=\"yoast-schema-graph\">{\"@context\":\"https:\/\/schema.org\",\"@graph\":[{\"@type\":\"WebPage\",\"@id\":\"https:\/\/defistock.com\/produit\/ensemble-bebe-fille-14\/\",\"url\":\"https:\/\/defistock.com\/produit\/ensemble-bebe-fille-14\/\",\"name\":\"ENSEMBLE B\u00c9B\u00c9 FILLE - Defistock\",\"isPartOf\":{\"@id\":\"https:\/\/defistock.com\/#website\"},\"primaryImageOfPage\":{\"@id\":\"https:\/\/defistock.com\/produit\/ensemble-bebe-fille-14\/#primaryimage\"},\"image\":{\"@id\":\"https:\/\/defistock.com\/produit\/ensemble-bebe-fille-14\/#primaryimage\"},\"thumbnailUrl\":\"https:\/\/defistock.com\/wp-content\/uploads\/2025\/03\/P54341-31-L70-Lightpeach-127630.jpg\",\"datePublished\":\"2025-03-10T13:16:31+00:00\",\"dateModified\":\"2025-05-20T10:44:22+00:00\",\"breadcrumb\":{\"@id\":\"https:\/\/defistock.com\/produit\/ensemble-bebe-fille-14\/#breadcrumb\"},\"inLanguage\":\"en-US\",\"potentialAction\":[{\"@type\":\"ReadAction\",\"target\":[\"https:\/\/defistock.com\/produit\/ensemble-bebe-fille-14\/\"]}]},{\"@type\":\"ImageObject\",\"inLanguage\":\"en-US\",\"@id\":\"https:\/\/defistock.com\/produit\/ensemble-bebe-fille-14\/#primaryimage\",\"url\":\"https:\/\/defistock.com\/wp-content\/uploads\/2025\/03\/P54341-31-L70-Lightpeach-127630.jpg\",\"contentUrl\":\"https:\/\/defistock.com\/wp-content\/uploads\/2025\/03\/P54341-31-L70-Lightpeach-127630.jpg\",\"width\":640,\"height\":640},{\"@type\":\"BreadcrumbList\",\"@id\":\"https:\/\/defistock.com\/produit\/ensemble-bebe-fille-14\/#breadcrumb\",\"itemListElement\":[{\"@type\":\"ListItem\",\"position\":1,\"name\":\"Accueil\",\"item\":\"https:\/\/defistock.com\/\"},{\"@type\":\"ListItem\",\"position\":2,\"name\":\"Boutique\",\"item\":\"https:\/\/defistock.com\/boutique\/\"},{\"@type\":\"ListItem\",\"position\":3,\"name\":\"ENSEMBLE B\u00c9B\u00c9 FILLE\"}]},{\"@type\":\"WebSite\",\"@id\":\"https:\/\/defistock.com\/#website\",\"url\":\"https:\/\/defistock.com\/\",\"name\":\"Defistock\",\"description\":\"Grossiste V\u00eatements Chaussures Sac a main - Defistock.com\",\"publisher\":{\"@id\":\"https:\/\/defistock.com\/#organization\"},\"potentialAction\":[{\"@type\":\"SearchAction\",\"target\":{\"@type\":\"EntryPoint\",\"urlTemplate\":\"https:\/\/defistock.com\/?s={search_term_string}\"},\"query-input\":{\"@type\":\"PropertyValueSpecification\",\"valueRequired\":true,\"valueName\":\"search_term_string\"}}],\"inLanguage\":\"en-US\"},{\"@type\":\"Organization\",\"@id\":\"https:\/\/defistock.com\/#organization\",\"name\":\"Defistock\",\"url\":\"https:\/\/defistock.com\/\",\"logo\":{\"@type\":\"ImageObject\",\"inLanguage\":\"en-US\",\"@id\":\"https:\/\/defistock.com\/#\/schema\/logo\/image\/\",\"url\":\"https:\/\/defistock.kamendo.com\/wp-content\/uploads\/2023\/06\/logo.png\",\"contentUrl\":\"https:\/\/defistock.kamendo.com\/wp-content\/uploads\/2023\/06\/logo.png\",\"width\":400,\"height\":70,\"caption\":\"Defistock\"},\"image\":{\"@id\":\"https:\/\/defistock.com\/#\/schema\/logo\/image\/\"},\"sameAs\":[\"https:\/\/www.facebook.com\/profile.php?id=100094090124828\",\"https:\/\/www.instagram.com\/defistockparis\/\",\"https:\/\/www.tiktok.com\/@chen55550?_t=8dXvcqW1n7j&_r=1\"]}]}<\/script>\n<!-- \/ Yoast SEO plugin. -->","yoast_head_json":{"title":"ENSEMBLE B\u00c9B\u00c9 FILLE - Defistock","robots":{"index":"index","follow":"follow","max-snippet":"max-snippet:-1","max-image-preview":"max-image-preview:large","max-video-preview":"max-video-preview:-1"},"canonical":"https:\/\/defistock.com\/produit\/ensemble-bebe-fille-14\/","og_locale":"en_US","og_type":"article","og_title":"ENSEMBLE B\u00c9B\u00c9 FILLE - Defistock","og_description":"Ensemble b\u00e9b\u00e9 fille qui comprend une robe, un legging et un bandeau assorti. La robe est de couleur rose avec imprim\u00e9 floral, poss\u00e8de des volants et des courtes manches. La tenue est compl\u00e9t\u00e9e par un legging rose uni et un bandeau \u00e0 n\u0153ud imprim\u00e9 floral assorti.","og_url":"https:\/\/defistock.com\/produit\/ensemble-bebe-fille-14\/","og_site_name":"Defistock","article_publisher":"https:\/\/www.facebook.com\/profile.php?id=100094090124828","article_modified_time":"2025-05-20T10:44:22+00:00","og_image":[{"width":640,"height":640,"url":"https:\/\/defistock.com\/wp-content\/uploads\/2025\/03\/P54341-31-L70-Lightpeach-127630.jpg","type":"image\/jpeg"}],"twitter_card":"summary_large_image","twitter_misc":{"Est. reading time":"1 minute"},"schema":{"@context":"https:\/\/schema.org","@graph":[{"@type":"WebPage","@id":"https:\/\/defistock.com\/produit\/ensemble-bebe-fille-14\/","url":"https:\/\/defistock.com\/produit\/ensemble-bebe-fille-14\/","name":"ENSEMBLE B\u00c9B\u00c9 FILLE - Defistock","isPartOf":{"@id":"https:\/\/defistock.com\/#website"},"primaryImageOfPage":{"@id":"https:\/\/defistock.com\/produit\/ensemble-bebe-fille-14\/#primaryimage"},"image":{"@id":"https:\/\/defistock.com\/produit\/ensemble-bebe-fille-14\/#primaryimage"},"thumbnailUrl":"https:\/\/defistock.com\/wp-content\/uploads\/2025\/03\/P54341-31-L70-Lightpeach-127630.jpg","datePublished":"2025-03-10T13:16:31+00:00","dateModified":"2025-05-20T10:44:22+00:00","breadcrumb":{"@id":"https:\/\/defistock.com\/produit\/ensemble-bebe-fille-14\/#breadcrumb"},"inLanguage":"en-US","potentialAction":[{"@type":"ReadAction","target":["https:\/\/defistock.com\/produit\/ensemble-bebe-fille-14\/"]}]},{"@type":"ImageObject","inLanguage":"en-US","@id":"https:\/\/defistock.com\/produit\/ensemble-bebe-fille-14\/#primaryimage","url":"https:\/\/defistock.com\/wp-content\/uploads\/2025\/03\/P54341-31-L70-Lightpeach-127630.jpg","contentUrl":"https:\/\/defistock.com\/wp-content\/uploads\/2025\/03\/P54341-31-L70-Lightpeach-127630.jpg","width":640,"height":640},{"@type":"BreadcrumbList","@id":"https:\/\/defistock.com\/produit\/ensemble-bebe-fille-14\/#breadcrumb","itemListElement":[{"@type":"ListItem","position":1,"name":"Accueil","item":"https:\/\/defistock.com\/"},{"@type":"ListItem","position":2,"name":"Boutique","item":"https:\/\/defistock.com\/boutique\/"},{"@type":"ListItem","position":3,"name":"ENSEMBLE B\u00c9B\u00c9 FILLE"}]},{"@type":"WebSite","@id":"https:\/\/defistock.com\/#website","url":"https:\/\/defistock.com\/","name":"Defistock","description":"Grossiste V\u00eatements Chaussures Sac a main - Defistock.com","publisher":{"@id":"https:\/\/defistock.com\/#organization"},"potentialAction":[{"@type":"SearchAction","target":{"@type":"EntryPoint","urlTemplate":"https:\/\/defistock.com\/?s={search_term_string}"},"query-input":{"@type":"PropertyValueSpecification","valueRequired":true,"valueName":"search_term_string"}}],"inLanguage":"en-US"},{"@type":"Organization","@id":"https:\/\/defistock.com\/#organization","name":"Defistock","url":"https:\/\/defistock.com\/","logo":{"@type":"ImageObject","inLanguage":"en-US","@id":"https:\/\/defistock.com\/#\/schema\/logo\/image\/","url":"https:\/\/defistock.kamendo.com\/wp-content\/uploads\/2023\/06\/logo.png","contentUrl":"https:\/\/defistock.kamendo.com\/wp-content\/uploads\/2023\/06\/logo.png","width":400,"height":70,"caption":"Defistock"},"image":{"@id":"https:\/\/defistock.com\/#\/schema\/logo\/image\/"},"sameAs":["https:\/\/www.facebook.com\/profile.php?id=100094090124828","https:\/\/www.instagram.com\/defistockparis\/","https:\/\/www.tiktok.com\/@chen55550?_t=8dXvcqW1n7j&_r=1"]}]}},"_links":{"self":[{"href":"https:\/\/defistock.com\/en\/wp-json\/wp\/v2\/product\/10360","targetHints":{"allow":["GET"]}}],"collection":[{"href":"https:\/\/defistock.com\/en\/wp-json\/wp\/v2\/product"}],"about":[{"href":"https:\/\/defistock.com\/en\/wp-json\/wp\/v2\/types\/product"}],"replies":[{"embeddable":true,"href":"https:\/\/defistock.com\/en\/wp-json\/wp\/v2\/comments?post=10360"}],"version-history":[{"count":4,"href":"https:\/\/defistock.com\/en\/wp-json\/wp\/v2\/product\/10360\/revisions"}],"predecessor-version":[{"id":10373,"href":"https:\/\/defistock.com\/en\/wp-json\/wp\/v2\/product\/10360\/revisions\/10373"}],"wp:featuredmedia":[{"embeddable":true,"href":"https:\/\/defistock.com\/en\/wp-json\/wp\/v2\/media\/10367"}],"wp:attachment":[{"href":"https:\/\/defistock.com\/en\/wp-json\/wp\/v2\/media?parent=10360"}],"wp:term":[{"taxonomy":"brand","embeddable":true,"href":"https:\/\/defistock.com\/en\/wp-json\/wp\/v2\/etheme_brands?post=10360"},{"taxonomy":"product_brand","embeddable":true,"href":"https:\/\/defistock.com\/en\/wp-json\/wp\/v2\/product_brand?post=10360"},{"taxonomy":"product_cat","embeddable":true,"href":"https:\/\/defistock.com\/en\/wp-json\/wp\/v2\/product_cat?post=10360"},{"taxonomy":"product_tag","embeddable":true,"href":"https:\/\/defistock.com\/en\/wp-json\/wp\/v2\/product_tag?post=10360"}],"curies":[{"name":"wp","href":"https:\/\/api.w.org\/{rel}","templated":true}]}}