{"id":10324,"date":"2025-02-26T16:20:34","date_gmt":"2025-02-26T15:20:34","guid":{"rendered":"https:\/\/defistock.com\/?post_type=product&#038;p=10324"},"modified":"2025-02-26T16:20:34","modified_gmt":"2025-02-26T15:20:34","slug":"ensemble-bebe-fille-10","status":"publish","type":"product","link":"https:\/\/defistock.com\/en\/produit\/ensemble-bebe-fille-10\/","title":{"rendered":"ENSEMBLE B\u00c9B\u00c9 FILLE"},"content":{"rendered":"","protected":false},"excerpt":{"rendered":"<p>Ensemble b\u00e9b\u00e9 fille compos\u00e9e d&#8217;une robe avec une culotte int\u00e9gr\u00e9e et d&#8217;un bandeau \u00e0 n\u0153ud assorti. La robe est de couleur blanc cass\u00e9 et est orn\u00e9e d&#8217;un imprim\u00e9 de petites fraises roses. Elle poss\u00e8de des manches courtes et un col rond. Le bas de la robe est agr\u00e9ment\u00e9 de plusieurs volants<\/p>\n","protected":false},"featured_media":10329,"comment_status":"open","ping_status":"closed","template":"","meta":{"_acf_changed":false},"etheme_brands":[],"product_brand":[],"product_cat":[124],"product_tag":[],"class_list":{"0":"post-10324","1":"product","2":"type-product","3":"status-publish","4":"has-post-thumbnail","6":"product_cat-vetements-bebe","8":"first","9":"instock","10":"taxable","11":"shipping-taxable","12":"purchasable","13":"product-type-simple"},"acf":[],"yoast_head":"<!-- This site is optimized with the Yoast SEO plugin v25.8 - https:\/\/yoast.com\/wordpress\/plugins\/seo\/ -->\n<title>ENSEMBLE B\u00c9B\u00c9 FILLE - Defistock<\/title>\n<meta name=\"robots\" content=\"index, follow, max-snippet:-1, max-image-preview:large, max-video-preview:-1\" \/>\n<link rel=\"canonical\" href=\"https:\/\/defistock.com\/produit\/ensemble-bebe-fille-10\/\" \/>\n<meta property=\"og:locale\" content=\"en_US\" \/>\n<meta property=\"og:type\" content=\"article\" \/>\n<meta property=\"og:title\" content=\"ENSEMBLE B\u00c9B\u00c9 FILLE - Defistock\" \/>\n<meta property=\"og:description\" content=\"Ensemble b\u00e9b\u00e9 fille compos\u00e9e d&#039;une robe avec une culotte int\u00e9gr\u00e9e et d&#039;un bandeau \u00e0 n\u0153ud assorti. La robe est de couleur blanc cass\u00e9 et est orn\u00e9e d&#039;un imprim\u00e9 de petites fraises roses. Elle poss\u00e8de des manches courtes et un col rond. Le bas de la robe est agr\u00e9ment\u00e9 de plusieurs volants\" \/>\n<meta property=\"og:url\" content=\"https:\/\/defistock.com\/produit\/ensemble-bebe-fille-10\/\" \/>\n<meta property=\"og:site_name\" content=\"Defistock\" \/>\n<meta property=\"article:publisher\" content=\"https:\/\/www.facebook.com\/profile.php?id=100094090124828\" \/>\n<meta property=\"og:image\" content=\"https:\/\/defistock.com\/wp-content\/uploads\/2025\/02\/P54308-31-2-Offwhite-128092.jpg\" \/>\n\t<meta property=\"og:image:width\" content=\"1100\" \/>\n\t<meta property=\"og:image:height\" content=\"1100\" \/>\n\t<meta property=\"og:image:type\" content=\"image\/jpeg\" \/>\n<meta name=\"twitter:card\" content=\"summary_large_image\" \/>\n<meta name=\"twitter:label1\" content=\"Est. reading time\" \/>\n\t<meta name=\"twitter:data1\" content=\"1 minute\" \/>\n<script type=\"application\/ld+json\" class=\"yoast-schema-graph\">{\"@context\":\"https:\/\/schema.org\",\"@graph\":[{\"@type\":\"WebPage\",\"@id\":\"https:\/\/defistock.com\/produit\/ensemble-bebe-fille-10\/\",\"url\":\"https:\/\/defistock.com\/produit\/ensemble-bebe-fille-10\/\",\"name\":\"ENSEMBLE B\u00c9B\u00c9 FILLE - Defistock\",\"isPartOf\":{\"@id\":\"https:\/\/defistock.com\/#website\"},\"primaryImageOfPage\":{\"@id\":\"https:\/\/defistock.com\/produit\/ensemble-bebe-fille-10\/#primaryimage\"},\"image\":{\"@id\":\"https:\/\/defistock.com\/produit\/ensemble-bebe-fille-10\/#primaryimage\"},\"thumbnailUrl\":\"https:\/\/defistock.com\/wp-content\/uploads\/2025\/02\/P54308-31-2-Offwhite-128092.jpg\",\"datePublished\":\"2025-02-26T15:20:34+00:00\",\"breadcrumb\":{\"@id\":\"https:\/\/defistock.com\/produit\/ensemble-bebe-fille-10\/#breadcrumb\"},\"inLanguage\":\"en-US\",\"potentialAction\":[{\"@type\":\"ReadAction\",\"target\":[\"https:\/\/defistock.com\/produit\/ensemble-bebe-fille-10\/\"]}]},{\"@type\":\"ImageObject\",\"inLanguage\":\"en-US\",\"@id\":\"https:\/\/defistock.com\/produit\/ensemble-bebe-fille-10\/#primaryimage\",\"url\":\"https:\/\/defistock.com\/wp-content\/uploads\/2025\/02\/P54308-31-2-Offwhite-128092.jpg\",\"contentUrl\":\"https:\/\/defistock.com\/wp-content\/uploads\/2025\/02\/P54308-31-2-Offwhite-128092.jpg\",\"width\":1100,\"height\":1100},{\"@type\":\"BreadcrumbList\",\"@id\":\"https:\/\/defistock.com\/produit\/ensemble-bebe-fille-10\/#breadcrumb\",\"itemListElement\":[{\"@type\":\"ListItem\",\"position\":1,\"name\":\"Accueil\",\"item\":\"https:\/\/defistock.com\/\"},{\"@type\":\"ListItem\",\"position\":2,\"name\":\"Boutique\",\"item\":\"https:\/\/defistock.com\/boutique\/\"},{\"@type\":\"ListItem\",\"position\":3,\"name\":\"ENSEMBLE B\u00c9B\u00c9 FILLE\"}]},{\"@type\":\"WebSite\",\"@id\":\"https:\/\/defistock.com\/#website\",\"url\":\"https:\/\/defistock.com\/\",\"name\":\"Defistock\",\"description\":\"Grossiste V\u00eatements Chaussures Sac a main - Defistock.com\",\"publisher\":{\"@id\":\"https:\/\/defistock.com\/#organization\"},\"potentialAction\":[{\"@type\":\"SearchAction\",\"target\":{\"@type\":\"EntryPoint\",\"urlTemplate\":\"https:\/\/defistock.com\/?s={search_term_string}\"},\"query-input\":{\"@type\":\"PropertyValueSpecification\",\"valueRequired\":true,\"valueName\":\"search_term_string\"}}],\"inLanguage\":\"en-US\"},{\"@type\":\"Organization\",\"@id\":\"https:\/\/defistock.com\/#organization\",\"name\":\"Defistock\",\"url\":\"https:\/\/defistock.com\/\",\"logo\":{\"@type\":\"ImageObject\",\"inLanguage\":\"en-US\",\"@id\":\"https:\/\/defistock.com\/#\/schema\/logo\/image\/\",\"url\":\"https:\/\/defistock.kamendo.com\/wp-content\/uploads\/2023\/06\/logo.png\",\"contentUrl\":\"https:\/\/defistock.kamendo.com\/wp-content\/uploads\/2023\/06\/logo.png\",\"width\":400,\"height\":70,\"caption\":\"Defistock\"},\"image\":{\"@id\":\"https:\/\/defistock.com\/#\/schema\/logo\/image\/\"},\"sameAs\":[\"https:\/\/www.facebook.com\/profile.php?id=100094090124828\",\"https:\/\/www.instagram.com\/defistockparis\/\",\"https:\/\/www.tiktok.com\/@chen55550?_t=8dXvcqW1n7j&_r=1\"]}]}<\/script>\n<!-- \/ Yoast SEO plugin. -->","yoast_head_json":{"title":"ENSEMBLE B\u00c9B\u00c9 FILLE - Defistock","robots":{"index":"index","follow":"follow","max-snippet":"max-snippet:-1","max-image-preview":"max-image-preview:large","max-video-preview":"max-video-preview:-1"},"canonical":"https:\/\/defistock.com\/produit\/ensemble-bebe-fille-10\/","og_locale":"en_US","og_type":"article","og_title":"ENSEMBLE B\u00c9B\u00c9 FILLE - Defistock","og_description":"Ensemble b\u00e9b\u00e9 fille compos\u00e9e d'une robe avec une culotte int\u00e9gr\u00e9e et d'un bandeau \u00e0 n\u0153ud assorti. La robe est de couleur blanc cass\u00e9 et est orn\u00e9e d'un imprim\u00e9 de petites fraises roses. Elle poss\u00e8de des manches courtes et un col rond. Le bas de la robe est agr\u00e9ment\u00e9 de plusieurs volants","og_url":"https:\/\/defistock.com\/produit\/ensemble-bebe-fille-10\/","og_site_name":"Defistock","article_publisher":"https:\/\/www.facebook.com\/profile.php?id=100094090124828","og_image":[{"width":1100,"height":1100,"url":"https:\/\/defistock.com\/wp-content\/uploads\/2025\/02\/P54308-31-2-Offwhite-128092.jpg","type":"image\/jpeg"}],"twitter_card":"summary_large_image","twitter_misc":{"Est. reading time":"1 minute"},"schema":{"@context":"https:\/\/schema.org","@graph":[{"@type":"WebPage","@id":"https:\/\/defistock.com\/produit\/ensemble-bebe-fille-10\/","url":"https:\/\/defistock.com\/produit\/ensemble-bebe-fille-10\/","name":"ENSEMBLE B\u00c9B\u00c9 FILLE - Defistock","isPartOf":{"@id":"https:\/\/defistock.com\/#website"},"primaryImageOfPage":{"@id":"https:\/\/defistock.com\/produit\/ensemble-bebe-fille-10\/#primaryimage"},"image":{"@id":"https:\/\/defistock.com\/produit\/ensemble-bebe-fille-10\/#primaryimage"},"thumbnailUrl":"https:\/\/defistock.com\/wp-content\/uploads\/2025\/02\/P54308-31-2-Offwhite-128092.jpg","datePublished":"2025-02-26T15:20:34+00:00","breadcrumb":{"@id":"https:\/\/defistock.com\/produit\/ensemble-bebe-fille-10\/#breadcrumb"},"inLanguage":"en-US","potentialAction":[{"@type":"ReadAction","target":["https:\/\/defistock.com\/produit\/ensemble-bebe-fille-10\/"]}]},{"@type":"ImageObject","inLanguage":"en-US","@id":"https:\/\/defistock.com\/produit\/ensemble-bebe-fille-10\/#primaryimage","url":"https:\/\/defistock.com\/wp-content\/uploads\/2025\/02\/P54308-31-2-Offwhite-128092.jpg","contentUrl":"https:\/\/defistock.com\/wp-content\/uploads\/2025\/02\/P54308-31-2-Offwhite-128092.jpg","width":1100,"height":1100},{"@type":"BreadcrumbList","@id":"https:\/\/defistock.com\/produit\/ensemble-bebe-fille-10\/#breadcrumb","itemListElement":[{"@type":"ListItem","position":1,"name":"Accueil","item":"https:\/\/defistock.com\/"},{"@type":"ListItem","position":2,"name":"Boutique","item":"https:\/\/defistock.com\/boutique\/"},{"@type":"ListItem","position":3,"name":"ENSEMBLE B\u00c9B\u00c9 FILLE"}]},{"@type":"WebSite","@id":"https:\/\/defistock.com\/#website","url":"https:\/\/defistock.com\/","name":"Defistock","description":"Grossiste V\u00eatements Chaussures Sac a main - Defistock.com","publisher":{"@id":"https:\/\/defistock.com\/#organization"},"potentialAction":[{"@type":"SearchAction","target":{"@type":"EntryPoint","urlTemplate":"https:\/\/defistock.com\/?s={search_term_string}"},"query-input":{"@type":"PropertyValueSpecification","valueRequired":true,"valueName":"search_term_string"}}],"inLanguage":"en-US"},{"@type":"Organization","@id":"https:\/\/defistock.com\/#organization","name":"Defistock","url":"https:\/\/defistock.com\/","logo":{"@type":"ImageObject","inLanguage":"en-US","@id":"https:\/\/defistock.com\/#\/schema\/logo\/image\/","url":"https:\/\/defistock.kamendo.com\/wp-content\/uploads\/2023\/06\/logo.png","contentUrl":"https:\/\/defistock.kamendo.com\/wp-content\/uploads\/2023\/06\/logo.png","width":400,"height":70,"caption":"Defistock"},"image":{"@id":"https:\/\/defistock.com\/#\/schema\/logo\/image\/"},"sameAs":["https:\/\/www.facebook.com\/profile.php?id=100094090124828","https:\/\/www.instagram.com\/defistockparis\/","https:\/\/www.tiktok.com\/@chen55550?_t=8dXvcqW1n7j&_r=1"]}]}},"_links":{"self":[{"href":"https:\/\/defistock.com\/en\/wp-json\/wp\/v2\/product\/10324","targetHints":{"allow":["GET"]}}],"collection":[{"href":"https:\/\/defistock.com\/en\/wp-json\/wp\/v2\/product"}],"about":[{"href":"https:\/\/defistock.com\/en\/wp-json\/wp\/v2\/types\/product"}],"replies":[{"embeddable":true,"href":"https:\/\/defistock.com\/en\/wp-json\/wp\/v2\/comments?post=10324"}],"version-history":[{"count":2,"href":"https:\/\/defistock.com\/en\/wp-json\/wp\/v2\/product\/10324\/revisions"}],"predecessor-version":[{"id":10334,"href":"https:\/\/defistock.com\/en\/wp-json\/wp\/v2\/product\/10324\/revisions\/10334"}],"wp:featuredmedia":[{"embeddable":true,"href":"https:\/\/defistock.com\/en\/wp-json\/wp\/v2\/media\/10329"}],"wp:attachment":[{"href":"https:\/\/defistock.com\/en\/wp-json\/wp\/v2\/media?parent=10324"}],"wp:term":[{"taxonomy":"brand","embeddable":true,"href":"https:\/\/defistock.com\/en\/wp-json\/wp\/v2\/etheme_brands?post=10324"},{"taxonomy":"product_brand","embeddable":true,"href":"https:\/\/defistock.com\/en\/wp-json\/wp\/v2\/product_brand?post=10324"},{"taxonomy":"product_cat","embeddable":true,"href":"https:\/\/defistock.com\/en\/wp-json\/wp\/v2\/product_cat?post=10324"},{"taxonomy":"product_tag","embeddable":true,"href":"https:\/\/defistock.com\/en\/wp-json\/wp\/v2\/product_tag?post=10324"}],"curies":[{"name":"wp","href":"https:\/\/api.w.org\/{rel}","templated":true}]}}